{"id":13626,"date":"2026-04-10T02:16:32","date_gmt":"2026-04-10T02:16:32","guid":{"rendered":"https:\/\/exceptionaladventures.shop\/?post_type=product&#038;p=13626"},"modified":"2026-04-10T02:24:05","modified_gmt":"2026-04-10T02:24:05","slug":"2026-ultima-version-con-180-leds-luz-emergencia-coche-homologado-dgt-baliza-v16-homologada-dgt-con-geolocalizador-obligatoria-enero-2026-luz-v16-con-geolocalizacion-3-0-aprobada-por-dgt","status":"publish","type":"product","link":"https:\/\/exceptionaladventures.shop\/es\/producto\/2026-ultima-version-con-180-leds-luz-emergencia-coche-homologado-dgt-baliza-v16-homologada-dgt-con-geolocalizador-obligatoria-enero-2026-luz-v16-con-geolocalizacion-3-0-aprobada-por-dgt\/","title":{"rendered":"2026 Ultima version con 180 leds Luz Emergencia Coche Homologado DGT, Baliza V16 Homologada dgt con Geolocalizador, Obligatoria enero 2026, Luz v16 con Geolocalizaci\u00f3n 3.0, Aprobada por DGT"},"content":{"rendered":"<div data-elementor-type=\"product-post\" data-elementor-id=\"13626\" class=\"elementor elementor-13626\" data-elementor-post-type=\"product\">\n\t\t\t\t<div class=\"elementor-element elementor-element-2d266f3e e-flex e-con-boxed e-con e-parent\" data-id=\"2d266f3e\" data-element_type=\"container\" data-e-type=\"container\" data-settings=\"{&quot;ekit_has_onepagescroll_dot&quot;:&quot;yes&quot;}\">\n\t\t\t\t\t<div class=\"e-con-inner\">\n\t\t<div class=\"elementor-element elementor-element-4eadc29e e-grid e-con-full e-con e-child\" data-id=\"4eadc29e\" data-element_type=\"container\" data-e-type=\"container\" data-settings=\"{&quot;ekit_has_onepagescroll_dot&quot;:&quot;yes&quot;}\">\n\t\t\t\t<div class=\"elementor-element elementor-element-5b462e83 elementor-widget elementor-widget-video\" data-id=\"5b462e83\" data-element_type=\"widget\" data-e-type=\"widget\" data-settings=\"{&quot;video_type&quot;:&quot;hosted&quot;,&quot;controls&quot;:&quot;yes&quot;,&quot;ekit_we_effect_on&quot;:&quot;none&quot;}\" data-widget_type=\"video.default\">\n\t\t\t\t<div class=\"elementor-widget-container\">\n\t\t\t\t\t\t\t<div class=\"e-hosted-video elementor-wrapper elementor-open-inline\">\n\t\t\t\t\t<video class=\"elementor-video\" src=\"https:\/\/exceptionaladventures.shop\/wp-content\/uploads\/2026\/04\/video_2026-04-08_14-11-29-1.mp4\" controls=\"\" preload=\"metadata\" controlslist=\"nodownload\"><\/video>\n\t\t\t\t<\/div>\n\t\t\t\t\t\t<\/div>\n\t\t\t\t<\/div>\n\t\t\t\t<div class=\"elementor-element elementor-element-3f1de96f elementor-widget elementor-widget-text-editor\" data-id=\"3f1de96f\" data-element_type=\"widget\" data-e-type=\"widget\" data-settings=\"{&quot;ekit_we_effect_on&quot;:&quot;none&quot;}\" data-widget_type=\"text-editor.default\">\n\t\t\t\t<div class=\"elementor-widget-container\">\n\t\t\t\t\t\t\t\t\t<div class=\"elementor-widget-container\">\n# Technical Details\n<div class=\"product-table\">\n<div class=\"product-row\">\n<div class=\"product-label\"><strong>Modelo<\/strong><\/div>\n<div class=\"product-value\"><strong>\u200eEbox<\/strong><\/div>\n<\/div>\n<div class=\"product-row\">\n<div class=\"product-label\"><strong>Package Dimensions<\/strong><\/div>\n<div class=\"product-value\"><strong>\u200e21.3 x 17.2 x 9.7 cm; 590 g<\/strong><\/div>\n<\/div>\n<div class=\"product-row\">\n<div class=\"product-label\"><strong>N\u00famero de modelo del art\u00edculo<\/strong><\/div>\n<div class=\"product-value\"><strong>\u200eMOD-V16<\/strong><\/div>\n<\/div>\n<div class=\"product-row\">\n<div class=\"product-label\"><strong>Peso del art\u00edculo<\/strong><\/div>\n<div class=\"product-value\"><strong>\u200e590 g<\/strong><\/div>\n<\/div>\n<div class=\"product-row\">\n<div class=\"product-label\"><strong>Colour<\/strong><\/div>\n<div class=\"product-value\"><strong>\u200e3pcs<\/strong><\/div>\n<\/div>\n<div class=\"product-row\">\n<div class=\"product-label\"><strong>Assembly required<\/strong><\/div>\n<div class=\"product-value\"><strong>\u200eNo<\/strong><\/div>\n<\/div>\n<\/div>\n<style>\n.product-table {\nwidth: 100%;\nborder-top: 1px solid #000;\nfont-family: Arial, sans-serif;\n}\n.product-row {\ndisplay: flex;\nborder-bottom: 1px solid #000;\npadding: 12px 0;\n}\n.product-label {\nflex: 1;\nfont-weight: bold;\nmin-width: 200px;\npadding-right: 20px;\n}\n.product-value {\nflex: 1;\nmin-width: 200px;\n}\n<\/style>\n<\/div>\n\n\n\n\n\n\n\n\t\t\t\t\t\t\t\t<\/div>\n\t\t\t\t<\/div>\n\t\t\t\t<\/div>\n\t\t\t\t\t<\/div>\n\t\t\t\t<\/div>\n\t\t<div class=\"elementor-element elementor-element-a80682a e-flex e-con-boxed e-con e-parent\" data-id=\"a80682a\" data-element_type=\"container\" data-e-type=\"container\" data-settings=\"{&quot;ekit_has_onepagescroll_dot&quot;:&quot;yes&quot;}\">\n\t\t\t\t\t<div class=\"e-con-inner\">\n\t\t<div class=\"elementor-element elementor-element-2cc0841 e-grid e-con-full e-con e-child\" data-id=\"2cc0841\" data-element_type=\"container\" data-e-type=\"container\" data-settings=\"{&quot;ekit_has_onepagescroll_dot&quot;:&quot;yes&quot;}\">\n\t\t\t\t<div class=\"elementor-element elementor-element-31db336e elementor-widget elementor-widget-image\" data-id=\"31db336e\" data-element_type=\"widget\" data-e-type=\"widget\" data-settings=\"{&quot;ekit_we_effect_on&quot;:&quot;none&quot;}\" data-widget_type=\"image.default\">\n\t\t\t\t<div class=\"elementor-widget-container\">\n\t\t\t\t\t\t\t\t\t\t\t\t\t\t\t<img loading=\"lazy\" decoding=\"async\" width=\"650\" height=\"350\" src=\"https:\/\/exceptionaladventures.shop\/wp-content\/uploads\/2026\/04\/4c58f40c-8be2-4086-8989-06a5e604d268.__CR0026001400_PT0_SX650_V1___-2.jpg\" class=\"attachment-full size-full wp-image-13640 wvs-archive-product-image\" alt=\"\" srcset=\"https:\/\/exceptionaladventures.shop\/wp-content\/uploads\/2026\/04\/4c58f40c-8be2-4086-8989-06a5e604d268.__CR0026001400_PT0_SX650_V1___-2.jpg 650w, https:\/\/exceptionaladventures.shop\/wp-content\/uploads\/2026\/04\/4c58f40c-8be2-4086-8989-06a5e604d268.__CR0026001400_PT0_SX650_V1___-2-300x162.jpg 300w, https:\/\/exceptionaladventures.shop\/wp-content\/uploads\/2026\/04\/4c58f40c-8be2-4086-8989-06a5e604d268.__CR0026001400_PT0_SX650_V1___-2-18x10.jpg 18w, https:\/\/exceptionaladventures.shop\/wp-content\/uploads\/2026\/04\/4c58f40c-8be2-4086-8989-06a5e604d268.__CR0026001400_PT0_SX650_V1___-2-600x323.jpg 600w, https:\/\/exceptionaladventures.shop\/wp-content\/uploads\/2026\/04\/4c58f40c-8be2-4086-8989-06a5e604d268.__CR0026001400_PT0_SX650_V1___-2-1x1.jpg 1w, https:\/\/exceptionaladventures.shop\/wp-content\/uploads\/2026\/04\/4c58f40c-8be2-4086-8989-06a5e604d268.__CR0026001400_PT0_SX650_V1___-2-10x5.jpg 10w\" sizes=\"auto, (max-width: 650px) 100vw, 650px\" \/>\t\t\t\t\t\t\t\t\t\t\t\t\t\t\t<\/div>\n\t\t\t\t<\/div>\n\t\t\t\t<div class=\"elementor-element elementor-element-c080f79 elementor-widget elementor-widget-image\" data-id=\"c080f79\" data-element_type=\"widget\" data-e-type=\"widget\" data-settings=\"{&quot;ekit_we_effect_on&quot;:&quot;none&quot;}\" data-widget_type=\"image.default\">\n\t\t\t\t<div class=\"elementor-widget-container\">\n\t\t\t\t\t\t\t\t\t\t\t\t\t\t\t<img loading=\"lazy\" decoding=\"async\" width=\"650\" height=\"350\" src=\"https:\/\/exceptionaladventures.shop\/wp-content\/uploads\/2026\/04\/f987a1d5-7238-4d18-b032-2a7b236018ab.__CR0026001400_PT0_SX650_V1___-2.jpg\" class=\"attachment-full size-full wp-image-13641 wvs-archive-product-image\" alt=\"\" srcset=\"https:\/\/exceptionaladventures.shop\/wp-content\/uploads\/2026\/04\/f987a1d5-7238-4d18-b032-2a7b236018ab.__CR0026001400_PT0_SX650_V1___-2.jpg 650w, https:\/\/exceptionaladventures.shop\/wp-content\/uploads\/2026\/04\/f987a1d5-7238-4d18-b032-2a7b236018ab.__CR0026001400_PT0_SX650_V1___-2-300x162.jpg 300w, https:\/\/exceptionaladventures.shop\/wp-content\/uploads\/2026\/04\/f987a1d5-7238-4d18-b032-2a7b236018ab.__CR0026001400_PT0_SX650_V1___-2-18x10.jpg 18w, https:\/\/exceptionaladventures.shop\/wp-content\/uploads\/2026\/04\/f987a1d5-7238-4d18-b032-2a7b236018ab.__CR0026001400_PT0_SX650_V1___-2-600x323.jpg 600w, https:\/\/exceptionaladventures.shop\/wp-content\/uploads\/2026\/04\/f987a1d5-7238-4d18-b032-2a7b236018ab.__CR0026001400_PT0_SX650_V1___-2-1x1.jpg 1w, https:\/\/exceptionaladventures.shop\/wp-content\/uploads\/2026\/04\/f987a1d5-7238-4d18-b032-2a7b236018ab.__CR0026001400_PT0_SX650_V1___-2-10x5.jpg 10w\" sizes=\"auto, (max-width: 650px) 100vw, 650px\" \/>\t\t\t\t\t\t\t\t\t\t\t\t\t\t\t<\/div>\n\t\t\t\t<\/div>\n\t\t\t\t<div class=\"elementor-element elementor-element-2c29323c elementor-widget elementor-widget-image\" data-id=\"2c29323c\" data-element_type=\"widget\" data-e-type=\"widget\" data-settings=\"{&quot;ekit_we_effect_on&quot;:&quot;none&quot;}\" data-widget_type=\"image.default\">\n\t\t\t\t<div class=\"elementor-widget-container\">\n\t\t\t\t\t\t\t\t\t\t\t\t\t\t\t<img loading=\"lazy\" decoding=\"async\" width=\"650\" height=\"350\" src=\"https:\/\/exceptionaladventures.shop\/wp-content\/uploads\/2026\/04\/bdc64e57-6615-4427-a98e-4f7f2f018eb1.__CR0026001400_PT0_SX650_V1___-1.jpg\" class=\"attachment-full size-full wp-image-13642 wvs-archive-product-image\" alt=\"\" srcset=\"https:\/\/exceptionaladventures.shop\/wp-content\/uploads\/2026\/04\/bdc64e57-6615-4427-a98e-4f7f2f018eb1.__CR0026001400_PT0_SX650_V1___-1.jpg 650w, https:\/\/exceptionaladventures.shop\/wp-content\/uploads\/2026\/04\/bdc64e57-6615-4427-a98e-4f7f2f018eb1.__CR0026001400_PT0_SX650_V1___-1-300x162.jpg 300w, https:\/\/exceptionaladventures.shop\/wp-content\/uploads\/2026\/04\/bdc64e57-6615-4427-a98e-4f7f2f018eb1.__CR0026001400_PT0_SX650_V1___-1-18x10.jpg 18w, https:\/\/exceptionaladventures.shop\/wp-content\/uploads\/2026\/04\/bdc64e57-6615-4427-a98e-4f7f2f018eb1.__CR0026001400_PT0_SX650_V1___-1-600x323.jpg 600w, https:\/\/exceptionaladventures.shop\/wp-content\/uploads\/2026\/04\/bdc64e57-6615-4427-a98e-4f7f2f018eb1.__CR0026001400_PT0_SX650_V1___-1-1x1.jpg 1w, https:\/\/exceptionaladventures.shop\/wp-content\/uploads\/2026\/04\/bdc64e57-6615-4427-a98e-4f7f2f018eb1.__CR0026001400_PT0_SX650_V1___-1-10x5.jpg 10w\" sizes=\"auto, (max-width: 650px) 100vw, 650px\" \/>\t\t\t\t\t\t\t\t\t\t\t\t\t\t\t<\/div>\n\t\t\t\t<\/div>\n\t\t\t\t<div class=\"elementor-element elementor-element-2ae22de1 elementor-widget elementor-widget-image\" data-id=\"2ae22de1\" data-element_type=\"widget\" data-e-type=\"widget\" data-settings=\"{&quot;ekit_we_effect_on&quot;:&quot;none&quot;}\" data-widget_type=\"image.default\">\n\t\t\t\t<div class=\"elementor-widget-container\">\n\t\t\t\t\t\t\t\t\t\t\t\t\t\t\t<img loading=\"lazy\" decoding=\"async\" width=\"650\" height=\"350\" src=\"https:\/\/exceptionaladventures.shop\/wp-content\/uploads\/2026\/04\/5b563106-14b1-4f40-8b5d-523a2b597e89.__CR0026001400_PT0_SX650_V1___-1.jpg\" class=\"attachment-full size-full wp-image-13643 wvs-archive-product-image\" alt=\"\" srcset=\"https:\/\/exceptionaladventures.shop\/wp-content\/uploads\/2026\/04\/5b563106-14b1-4f40-8b5d-523a2b597e89.__CR0026001400_PT0_SX650_V1___-1.jpg 650w, https:\/\/exceptionaladventures.shop\/wp-content\/uploads\/2026\/04\/5b563106-14b1-4f40-8b5d-523a2b597e89.__CR0026001400_PT0_SX650_V1___-1-300x162.jpg 300w, https:\/\/exceptionaladventures.shop\/wp-content\/uploads\/2026\/04\/5b563106-14b1-4f40-8b5d-523a2b597e89.__CR0026001400_PT0_SX650_V1___-1-18x10.jpg 18w, https:\/\/exceptionaladventures.shop\/wp-content\/uploads\/2026\/04\/5b563106-14b1-4f40-8b5d-523a2b597e89.__CR0026001400_PT0_SX650_V1___-1-600x323.jpg 600w, https:\/\/exceptionaladventures.shop\/wp-content\/uploads\/2026\/04\/5b563106-14b1-4f40-8b5d-523a2b597e89.__CR0026001400_PT0_SX650_V1___-1-1x1.jpg 1w, https:\/\/exceptionaladventures.shop\/wp-content\/uploads\/2026\/04\/5b563106-14b1-4f40-8b5d-523a2b597e89.__CR0026001400_PT0_SX650_V1___-1-10x5.jpg 10w\" sizes=\"auto, (max-width: 650px) 100vw, 650px\" \/>\t\t\t\t\t\t\t\t\t\t\t\t\t\t\t<\/div>\n\t\t\t\t<\/div>\n\t\t\t\t<\/div>\n\t\t\t\t\t<\/div>\n\t\t\t\t<\/div>\n\t\t<div class=\"elementor-element elementor-element-664fc7f0 e-flex e-con-boxed e-con e-parent\" data-id=\"664fc7f0\" data-element_type=\"container\" data-e-type=\"container\" data-settings=\"{&quot;ekit_has_onepagescroll_dot&quot;:&quot;yes&quot;}\">\n\t\t\t\t\t<div class=\"e-con-inner\">\n\t\t\t\t<div class=\"elementor-element elementor-element-13999095 elementor--h-position-center elementor--v-position-middle elementor-arrows-position-inside elementor-pagination-position-inside elementor-widget elementor-widget-slides\" data-id=\"13999095\" data-element_type=\"widget\" data-e-type=\"widget\" data-settings=\"{&quot;navigation&quot;:&quot;both&quot;,&quot;autoplay&quot;:&quot;yes&quot;,&quot;pause_on_hover&quot;:&quot;yes&quot;,&quot;pause_on_interaction&quot;:&quot;yes&quot;,&quot;autoplay_speed&quot;:5000,&quot;infinite&quot;:&quot;yes&quot;,&quot;transition&quot;:&quot;slide&quot;,&quot;transition_speed&quot;:500,&quot;ekit_we_effect_on&quot;:&quot;none&quot;}\" data-widget_type=\"slides.default\">\n\t\t\t\t<div class=\"elementor-widget-container\">\n\t\t\t\t\t\t\t\t\t<div class=\"elementor-swiper\">\r\n\t\t\t\t\t<div class=\"elementor-slides-wrapper elementor-main-swiper swiper\" role=\"region\" aria-roledescription=\"carousel\" aria-label=\"Diapositivas\" dir=\"ltr\" data-animation=\"fadeInUp\">\r\n\t\t\t\t<div class=\"swiper-wrapper elementor-slides\">\r\n\t\t\t\t\t\t\t\t\t\t<div class=\"elementor-repeater-item-3194aee swiper-slide\" role=\"group\" aria-roledescription=\"slide\"><div class=\"swiper-slide-bg\" role=\"img\" aria-label=\"795264ff-3a8b-430e-82ab-416084ea6180.__CR001464600_PT0_SX1464_V1___-1.jpg\"><\/div><div class=\"swiper-slide-inner\" ><div class=\"swiper-slide-contents\"><\/div><\/div><\/div><div class=\"elementor-repeater-item-feed887 swiper-slide\" role=\"group\" aria-roledescription=\"slide\"><div class=\"swiper-slide-bg\" role=\"img\" aria-label=\"a3066a6c-bb45-440d-b338-450335a70eec.__CR001464600_PT0_SX1464_V1___-1.jpg\"><\/div><div class=\"swiper-slide-inner\" ><div class=\"swiper-slide-contents\"><\/div><\/div><\/div><div class=\"elementor-repeater-item-109aab7 swiper-slide\" role=\"group\" aria-roledescription=\"slide\"><div class=\"swiper-slide-bg\" role=\"img\" aria-label=\"f6d30fea-8eb3-4970-9753-21881f8c2634.__CR001464600_PT0_SX1464_V1___-1.jpg\"><\/div><div class=\"swiper-slide-inner\" ><div class=\"swiper-slide-contents\"><\/div><\/div><\/div><div class=\"elementor-repeater-item-424916f swiper-slide\" role=\"group\" aria-roledescription=\"slide\"><div class=\"swiper-slide-bg\" role=\"img\" aria-label=\"8b33f6e1-42cf-4535-bde8-4920b48aa98b.__CR001464600_PT0_SX1464_V1___-1.jpg\"><\/div><div class=\"swiper-slide-inner\" ><div class=\"swiper-slide-contents\"><\/div><\/div><\/div>\t\t\t\t<\/div>\r\n\t\t\t\t\t\t\t\t\t\t\t\t\t\t\t<div class=\"elementor-swiper-button elementor-swiper-button-prev\" role=\"button\" tabindex=\"0\" aria-label=\"Diapositiva anterior\">\r\n\t\t\t\t\t\t\t<svg aria-hidden=\"true\" class=\"e-font-icon-svg e-eicon-chevron-left\" viewbox=\"0 0 1000 1000\" xmlns=\"http:\/\/www.w3.org\/2000\/svg\"><path d=\"M646 125C629 125 613 133 604 142L308 442C296 454 292 471 292 487 292 504 296 521 308 533L604 854C617 867 629 875 646 875 663 875 679 871 692 858 704 846 713 829 713 812 713 796 708 779 692 767L438 487 692 225C700 217 708 204 708 187 708 171 704 154 692 142 675 129 663 125 646 125Z\"><\/path><\/svg>\t\t\t\t\t\t<\/div>\r\n\t\t\t\t\t\t<div class=\"elementor-swiper-button elementor-swiper-button-next\" role=\"button\" tabindex=\"0\" aria-label=\"Siguiente diapositiva\">\r\n\t\t\t\t\t\t\t<svg aria-hidden=\"true\" class=\"e-font-icon-svg e-eicon-chevron-right\" viewbox=\"0 0 1000 1000\" xmlns=\"http:\/\/www.w3.org\/2000\/svg\"><path d=\"M696 533C708 521 713 504 713 487 713 471 708 454 696 446L400 146C388 133 375 125 354 125 338 125 325 129 313 142 300 154 292 171 292 187 292 204 296 221 308 233L563 492 304 771C292 783 288 800 288 817 288 833 296 850 308 863 321 871 338 875 354 875 371 875 388 867 400 854L696 533Z\"><\/path><\/svg>\t\t\t\t\t\t<\/div>\r\n\t\t\t\t\t\t\t\t\t\t\t\t\t\t\t\t<div class=\"swiper-pagination\"><\/div>\r\n\t\t\t\t\t\t\t\t\t\t\t\t<\/div>\r\n\t\t\t\t<\/div>\r\n\t\t\t\t\t\t\t\t<\/div>\n\t\t\t\t<\/div>\n\t\t\t\t\t<\/div>\n\t\t\t\t<\/div>\n\t\t<div class=\"elementor-element elementor-element-40c83edb e-flex e-con-boxed e-con e-parent\" data-id=\"40c83edb\" data-element_type=\"container\" data-e-type=\"container\" data-settings=\"{&quot;ekit_has_onepagescroll_dot&quot;:&quot;yes&quot;}\">\n\t\t\t\t\t<div class=\"e-con-inner\">\n\t\t\t\t<div class=\"elementor-element elementor-element-2e63db42 elementor-widget elementor-widget-image\" data-id=\"2e63db42\" data-element_type=\"widget\" data-e-type=\"widget\" data-settings=\"{&quot;ekit_we_effect_on&quot;:&quot;none&quot;}\" data-widget_type=\"image.default\">\n\t\t\t\t<div class=\"elementor-widget-container\">\n\t\t\t\t\t\t\t\t\t\t\t\t\t\t\t<img loading=\"lazy\" decoding=\"async\" width=\"1464\" height=\"600\" src=\"https:\/\/exceptionaladventures.shop\/wp-content\/uploads\/2026\/04\/1-6.jpg\" class=\"attachment-full size-full wp-image-13648 wvs-archive-product-image\" alt=\"\" srcset=\"https:\/\/exceptionaladventures.shop\/wp-content\/uploads\/2026\/04\/1-6.jpg 1464w, https:\/\/exceptionaladventures.shop\/wp-content\/uploads\/2026\/04\/1-6-300x123.jpg 300w, https:\/\/exceptionaladventures.shop\/wp-content\/uploads\/2026\/04\/1-6-1024x420.jpg 1024w, https:\/\/exceptionaladventures.shop\/wp-content\/uploads\/2026\/04\/1-6-768x315.jpg 768w, https:\/\/exceptionaladventures.shop\/wp-content\/uploads\/2026\/04\/1-6-18x7.jpg 18w, https:\/\/exceptionaladventures.shop\/wp-content\/uploads\/2026\/04\/1-6-600x246.jpg 600w, https:\/\/exceptionaladventures.shop\/wp-content\/uploads\/2026\/04\/1-6-1x1.jpg 1w, https:\/\/exceptionaladventures.shop\/wp-content\/uploads\/2026\/04\/1-6-10x4.jpg 10w\" sizes=\"auto, (max-width: 1464px) 100vw, 1464px\" \/>\t\t\t\t\t\t\t\t\t\t\t\t\t\t\t<\/div>\n\t\t\t\t<\/div>\n\t\t\t\t<div class=\"elementor-element elementor-element-53f3fa25 elementor-widget elementor-widget-heading\" data-id=\"53f3fa25\" data-element_type=\"widget\" data-e-type=\"widget\" data-settings=\"{&quot;ekit_we_effect_on&quot;:&quot;none&quot;}\" data-widget_type=\"heading.default\">\n\t\t\t\t<div class=\"elementor-widget-container\">\n\t\t\t\t\t<h2 class=\"elementor-heading-title elementor-size-default\">F\u00e1cil instalaci\u00f3n sin herramientas<\/h2>\t\t\t\t<\/div>\n\t\t\t\t<\/div>\n\t\t\t\t<div class=\"elementor-element elementor-element-3c49e004 elementor-widget elementor-widget-text-editor\" data-id=\"3c49e004\" data-element_type=\"widget\" data-e-type=\"widget\" data-settings=\"{&quot;ekit_we_effect_on&quot;:&quot;none&quot;}\" data-widget_type=\"text-editor.default\">\n\t\t\t\t<div class=\"elementor-widget-container\">\n\t\t\t\t\t\t\t\t\t<p>Se coloca en el techo del veh\u00edculo mediante un potente im\u00e1n o ventosa. No requiere instalaci\u00f3n el\u00e9ctrica ni herramientas. Funciona con pilas o bater\u00eda recargable.<\/p>\t\t\t\t\t\t\t\t<\/div>\n\t\t\t\t<\/div>\n\t\t\t\t<div class=\"elementor-element elementor-element-10a8c327 elementor-widget elementor-widget-image\" data-id=\"10a8c327\" data-element_type=\"widget\" data-e-type=\"widget\" data-settings=\"{&quot;ekit_we_effect_on&quot;:&quot;none&quot;}\" data-widget_type=\"image.default\">\n\t\t\t\t<div class=\"elementor-widget-container\">\n\t\t\t\t\t\t\t\t\t\t\t\t\t\t\t<img loading=\"lazy\" decoding=\"async\" width=\"1464\" height=\"600\" src=\"https:\/\/exceptionaladventures.shop\/wp-content\/uploads\/2026\/04\/2-1.jpg\" class=\"attachment-full size-full wp-image-13649 wvs-archive-product-image\" alt=\"\" srcset=\"https:\/\/exceptionaladventures.shop\/wp-content\/uploads\/2026\/04\/2-1.jpg 1464w, https:\/\/exceptionaladventures.shop\/wp-content\/uploads\/2026\/04\/2-1-300x123.jpg 300w, https:\/\/exceptionaladventures.shop\/wp-content\/uploads\/2026\/04\/2-1-1024x420.jpg 1024w, https:\/\/exceptionaladventures.shop\/wp-content\/uploads\/2026\/04\/2-1-768x315.jpg 768w, https:\/\/exceptionaladventures.shop\/wp-content\/uploads\/2026\/04\/2-1-18x7.jpg 18w, https:\/\/exceptionaladventures.shop\/wp-content\/uploads\/2026\/04\/2-1-600x246.jpg 600w, https:\/\/exceptionaladventures.shop\/wp-content\/uploads\/2026\/04\/2-1-1x1.jpg 1w, https:\/\/exceptionaladventures.shop\/wp-content\/uploads\/2026\/04\/2-1-10x4.jpg 10w\" sizes=\"auto, (max-width: 1464px) 100vw, 1464px\" \/>\t\t\t\t\t\t\t\t\t\t\t\t\t\t\t<\/div>\n\t\t\t\t<\/div>\n\t\t\t\t<div class=\"elementor-element elementor-element-17d43ab7 elementor-widget elementor-widget-heading\" data-id=\"17d43ab7\" data-element_type=\"widget\" data-e-type=\"widget\" data-settings=\"{&quot;ekit_we_effect_on&quot;:&quot;none&quot;}\" data-widget_type=\"heading.default\">\n\t\t\t\t<div class=\"elementor-widget-container\">\n\t\t\t\t\t<h2 class=\"elementor-heading-title elementor-size-default\">180 LEDs de alta luminosidad<\/h2>\t\t\t\t<\/div>\n\t\t\t\t<\/div>\n\t\t\t\t<div class=\"elementor-element elementor-element-59b8e7a7 elementor-widget elementor-widget-text-editor\" data-id=\"59b8e7a7\" data-element_type=\"widget\" data-e-type=\"widget\" data-settings=\"{&quot;ekit_we_effect_on&quot;:&quot;none&quot;}\" data-widget_type=\"text-editor.default\">\n\t\t\t\t<div class=\"elementor-widget-container\">\n\t\t\t\t\t\t\t\t\t<p>Equipado con\u00a0<strong>180 LEDs de \u00faltima generaci\u00f3n<\/strong>\u00a0que ofrecen una luz envolvente de 360\u00b0 visible a m\u00e1s de 1 km de distancia. M\u00e1xima seguridad incluso en condiciones de niebla, lluvia o noche cerrada.<\/p>\t\t\t\t\t\t\t\t<\/div>\n\t\t\t\t<\/div>\n\t\t\t\t\t<\/div>\n\t\t\t\t<\/div>\n\t\t\t\t<\/div>","protected":false},"excerpt":{"rendered":"<h1 class=\"a-size-base-plus a-text-bold\">Acerca de este producto<\/h1>\n<ul class=\"a-unordered-list a-vertical a-spacing-mini\">\n<li class=\"a-spacing-mini\"><span class=\"a-list-item\">\u2705 Homologada por la DGT y obligatoria en 2026: Baliza V16 certificada oficialmente (IDIADA PC25110045), cumple la normativa vigente para garantizar tu seguridad y evitar sanciones.<\/span><\/li>\n<li class=\"a-spacing-mini\"><span class=\"a-list-item\">\u2705 Conectividad autom\u00e1tica y gratuita hasta 12\/2038: Incluye tarjeta SIM con datos prepagados que env\u00eda tu ubicaci\u00f3n en tiempo real a la plataforma DGT 3.0, sin necesidad de suscripciones ni pagos adicionales.<\/span><\/li>\n<\/ul>","protected":false},"featured_media":13629,"comment_status":"open","ping_status":"closed","template":"","meta":{"_acf_changed":false},"etheme_brands":[],"product_brand":[],"product_cat":[118],"product_tag":[],"class_list":{"0":"post-13626","1":"product","2":"type-product","3":"status-publish","4":"has-post-thumbnail","6":"product_cat-sale-shop","8":"first","9":"instock","10":"sale","11":"shipping-taxable","12":"purchasable","13":"product-type-variable","14":"has-default-attributes","15":"wvs-archive-product-wrapper"},"acf":[],"_links":{"self":[{"href":"https:\/\/exceptionaladventures.shop\/es\/wp-json\/wp\/v2\/product\/13626","targetHints":{"allow":["GET"]}}],"collection":[{"href":"https:\/\/exceptionaladventures.shop\/es\/wp-json\/wp\/v2\/product"}],"about":[{"href":"https:\/\/exceptionaladventures.shop\/es\/wp-json\/wp\/v2\/types\/product"}],"replies":[{"embeddable":true,"href":"https:\/\/exceptionaladventures.shop\/es\/wp-json\/wp\/v2\/comments?post=13626"}],"version-history":[{"count":4,"href":"https:\/\/exceptionaladventures.shop\/es\/wp-json\/wp\/v2\/product\/13626\/revisions"}],"predecessor-version":[{"id":13657,"href":"https:\/\/exceptionaladventures.shop\/es\/wp-json\/wp\/v2\/product\/13626\/revisions\/13657"}],"wp:featuredmedia":[{"embeddable":true,"href":"https:\/\/exceptionaladventures.shop\/es\/wp-json\/wp\/v2\/media\/13629"}],"wp:attachment":[{"href":"https:\/\/exceptionaladventures.shop\/es\/wp-json\/wp\/v2\/media?parent=13626"}],"wp:term":[{"taxonomy":"brand","embeddable":true,"href":"https:\/\/exceptionaladventures.shop\/es\/wp-json\/wp\/v2\/etheme_brands?post=13626"},{"taxonomy":"product_brand","embeddable":true,"href":"https:\/\/exceptionaladventures.shop\/es\/wp-json\/wp\/v2\/product_brand?post=13626"},{"taxonomy":"product_cat","embeddable":true,"href":"https:\/\/exceptionaladventures.shop\/es\/wp-json\/wp\/v2\/product_cat?post=13626"},{"taxonomy":"product_tag","embeddable":true,"href":"https:\/\/exceptionaladventures.shop\/es\/wp-json\/wp\/v2\/product_tag?post=13626"}],"curies":[{"name":"wp","href":"https:\/\/api.w.org\/{rel}","templated":true}]}}