{"id":13565,"date":"2026-03-31T07:37:50","date_gmt":"2026-03-31T07:37:50","guid":{"rendered":"https:\/\/exceptionaladventures.shop\/?post_type=product&#038;p=13565"},"modified":"2026-03-31T08:07:00","modified_gmt":"2026-03-31T08:07:00","slug":"gorgeous-olivia-pestanas-autoadhesivas-press-on-10-16-mm-extensiones-diy-naturales-y-rizadas-faciles-para-principiantes-con-pinzas-antiadherentes-sin-necesidad-de-pegamento-hipoalergenicas-dur","status":"publish","type":"product","link":"https:\/\/exceptionaladventures.shop\/es\/producto\/gorgeous-olivia-pestanas-autoadhesivas-press-on-10-16-mm-extensiones-diy-naturales-y-rizadas-faciles-para-principiantes-con-pinzas-antiadherentes-sin-necesidad-de-pegamento-hipoalergenicas-dur\/","title":{"rendered":"Gorgeous Olivia - Pesta\u00f1as Autoadhesivas Press-On 10-16 mm, Extensiones DIY Naturales y Rizadas, F\u00e1ciles para Principiantes, con Pinzas Antiadherentes, Sin Necesidad de Pegamento, Hipoalerg\u00e9nicas, Duraci\u00f3n de 24 Horas"},"content":{"rendered":"<div data-elementor-type=\"product-post\" data-elementor-id=\"13565\" class=\"elementor elementor-13565\" data-elementor-post-type=\"product\">\n\t\t\t\t<div class=\"elementor-element elementor-element-2544fd57 e-flex e-con-boxed e-con e-parent\" data-id=\"2544fd57\" data-element_type=\"container\" data-e-type=\"container\" data-settings=\"{&quot;ekit_has_onepagescroll_dot&quot;:&quot;yes&quot;}\">\n\t\t\t\t\t<div class=\"e-con-inner\">\n\t\t<div class=\"elementor-element elementor-element-1d9b5f27 e-con-full e-flex e-con e-child\" data-id=\"1d9b5f27\" data-element_type=\"container\" data-e-type=\"container\" data-settings=\"{&quot;ekit_has_onepagescroll_dot&quot;:&quot;yes&quot;}\">\n\t\t\t\t<div class=\"elementor-element elementor-element-5c82a887 elementor-widget elementor-widget-video\" data-id=\"5c82a887\" data-element_type=\"widget\" data-e-type=\"widget\" data-settings=\"{&quot;video_type&quot;:&quot;hosted&quot;,&quot;controls&quot;:&quot;yes&quot;,&quot;ekit_we_effect_on&quot;:&quot;none&quot;}\" data-widget_type=\"video.default\">\n\t\t\t\t<div class=\"elementor-widget-container\">\n\t\t\t\t\t\t\t<div class=\"e-hosted-video elementor-wrapper elementor-open-inline\">\n\t\t\t\t\t<video class=\"elementor-video\" src=\"https:\/\/exceptionaladventures.shop\/wp-content\/uploads\/2026\/03\/video_2026-02-09_20-25-33-1.mp4\" controls=\"\" preload=\"metadata\" controlslist=\"nodownload\"><\/video>\n\t\t\t\t<\/div>\n\t\t\t\t\t\t<\/div>\n\t\t\t\t<\/div>\n\t\t\t\t<div class=\"elementor-element elementor-element-276679fe elementor-widget elementor-widget-image\" data-id=\"276679fe\" data-element_type=\"widget\" data-e-type=\"widget\" data-settings=\"{&quot;ekit_we_effect_on&quot;:&quot;none&quot;}\" data-widget_type=\"image.default\">\n\t\t\t\t<div class=\"elementor-widget-container\">\n\t\t\t\t\t\t\t\t\t\t\t\t\t\t\t<img loading=\"lazy\" decoding=\"async\" width=\"1464\" height=\"600\" src=\"https:\/\/exceptionaladventures.shop\/wp-content\/uploads\/2026\/03\/d2164a8e-3fc1-4117-bc6c-a66c89cae1fb.__CR001464600_PT0_SX1464_V1___.jpg\" class=\"attachment-full size-full wp-image-13583 wvs-archive-product-image\" alt=\"\" srcset=\"https:\/\/exceptionaladventures.shop\/wp-content\/uploads\/2026\/03\/d2164a8e-3fc1-4117-bc6c-a66c89cae1fb.__CR001464600_PT0_SX1464_V1___.jpg 1464w, https:\/\/exceptionaladventures.shop\/wp-content\/uploads\/2026\/03\/d2164a8e-3fc1-4117-bc6c-a66c89cae1fb.__CR001464600_PT0_SX1464_V1___-300x123.jpg 300w, https:\/\/exceptionaladventures.shop\/wp-content\/uploads\/2026\/03\/d2164a8e-3fc1-4117-bc6c-a66c89cae1fb.__CR001464600_PT0_SX1464_V1___-1024x420.jpg 1024w, https:\/\/exceptionaladventures.shop\/wp-content\/uploads\/2026\/03\/d2164a8e-3fc1-4117-bc6c-a66c89cae1fb.__CR001464600_PT0_SX1464_V1___-768x315.jpg 768w, https:\/\/exceptionaladventures.shop\/wp-content\/uploads\/2026\/03\/d2164a8e-3fc1-4117-bc6c-a66c89cae1fb.__CR001464600_PT0_SX1464_V1___-18x7.jpg 18w, https:\/\/exceptionaladventures.shop\/wp-content\/uploads\/2026\/03\/d2164a8e-3fc1-4117-bc6c-a66c89cae1fb.__CR001464600_PT0_SX1464_V1___-600x246.jpg 600w, https:\/\/exceptionaladventures.shop\/wp-content\/uploads\/2026\/03\/d2164a8e-3fc1-4117-bc6c-a66c89cae1fb.__CR001464600_PT0_SX1464_V1___-1x1.jpg 1w, https:\/\/exceptionaladventures.shop\/wp-content\/uploads\/2026\/03\/d2164a8e-3fc1-4117-bc6c-a66c89cae1fb.__CR001464600_PT0_SX1464_V1___-10x4.jpg 10w\" sizes=\"auto, (max-width: 1464px) 100vw, 1464px\" \/>\t\t\t\t\t\t\t\t\t\t\t\t\t\t\t<\/div>\n\t\t\t\t<\/div>\n\t\t\t\t<\/div>\n\t\t<div class=\"elementor-element elementor-element-12d2e33a e-con-full e-flex e-con e-child\" data-id=\"12d2e33a\" data-element_type=\"container\" data-e-type=\"container\" data-settings=\"{&quot;ekit_has_onepagescroll_dot&quot;:&quot;yes&quot;}\">\n\t\t\t\t<div class=\"elementor-element elementor-element-5cd66a4b elementor-widget elementor-widget-text-editor\" data-id=\"5cd66a4b\" data-element_type=\"widget\" data-e-type=\"widget\" data-settings=\"{&quot;ekit_we_effect_on&quot;:&quot;none&quot;}\" data-widget_type=\"text-editor.default\">\n\t\t\t\t<div class=\"elementor-widget-container\">\n\t\t\t\t\t\t\t\t\t<!DOCTYPE html>\n<html lang=\"es\">\n<head>\n    <meta charset=\"UTF-8\">\n    <meta name=\"viewport\" content=\"width=device-width, initial-scale=1.0\">\n    <title>Especificaciones de Pesta\u00f1as<\/title>\n    <style>\n        * {\n            margin: 0;\n            padding: 0;\n            box-sizing: border-box;\n        }\n        \n        body {\n            font-family: -apple-system, BlinkMacSystemFont, 'Segoe UI', Roboto, sans-serif;\n            background-color: #f8f9fa;\n            color: #333;\n            line-height: 1.5;\n            padding: 16px;\n        }\n        \n        .specs-container {\n            max-width: 800px;\n            margin: 0 auto;\n            background-color: #fff;\n            border-radius: 12px;\n            overflow: hidden;\n            box-shadow: 0 2px 12px rgba(0,0,0,0.08);\n        }\n        \n        .specs-table {\n            width: 100%;\n        }\n        \n        .spec-row {\n            display: flex;\n            border-bottom: 1px solid #e2e8f0;\n            min-height: 56px;\n            align-items: center;\n        }\n        \n        .spec-row:last-child {\n            border-bottom: none;\n        }\n        \n        .spec-label {\n            font-weight: 600;\n            color: #2d3748;\n            padding: 16px;\n            width: 45%;\n            font-size: 15px;\n            background-color: #fafafa;\n        }\n        \n        .spec-value {\n            padding: 16px;\n            width: 55%;\n            font-size: 15px;\n            color: #4a5568;\n        }\n        \n        \/* Desktop *\/\n        @media (min-width: 768px) {\n            body {\n                padding: 24px;\n            }\n            \n            .specs-container {\n                border-radius: 16px;\n                box-shadow: 0 4px 20px rgba(0,0,0,0.1);\n            }\n            \n            .spec-label, .spec-value {\n                padding: 18px 24px;\n                font-size: 16px;\n            }\n            \n            .spec-label {\n                width: 40%;\n            }\n            \n            .spec-value {\n                width: 60%;\n            }\n        }\n        \n        \/* Mobile small screens *\/\n        @media (max-width: 480px) {\n            .spec-row {\n                flex-direction: column;\n                align-items: flex-start;\n                padding: 12px 16px;\n                min-height: auto;\n            }\n            \n            .spec-label, .spec-value {\n                width: 100%;\n                padding: 6px 0;\n            }\n            \n            .spec-label {\n                background-color: transparent;\n                font-weight: 700;\n                padding-top: 0;\n            }\n            \n            .spec-value {\n                padding-bottom: 8px;\n                color: #5a6c7d;\n            }\n        }\n        \n        \/* Dark mode *\/\n        @media (prefers-color-scheme: dark) {\n            body {\n                background-color: #1a202c;\n                color: #e2e8f0;\n            }\n            \n            .specs-container {\n                background-color: #2d3748;\n                box-shadow: 0 2px 12px rgba(0,0,0,0.3);\n            }\n            \n            .spec-row {\n                border-bottom-color: #4a5568;\n            }\n            \n            .spec-label {\n                color: #cbd5e0;\n                background-color: #343f52;\n            }\n            \n            .spec-value {\n                color: #a0aec0;\n            }\n        }\n    <\/style>\n<\/head>\n<body>\n    <div class=\"specs-container\">\n        <div class=\"specs-table\">\n            <div class=\"spec-row\">\n                <div class=\"spec-label\">Especificaciones<\/div>\n                <div class=\"spec-value\"><\/div>\n            <\/div>\n            <div class=\"spec-row\">\n                <div class=\"spec-label\">Tipo de pesta\u00f1as<\/div>\n                <div class=\"spec-value\">Hazlo t\u00fa mismo<\/div>\n            <\/div>\n            <div class=\"spec-row\">\n                <div class=\"spec-label\">Productos qu\u00edmicos altamente preocupantes<\/div>\n                <div class=\"spec-value\">Ninguno<\/div>\n            <\/div>\n            <div class=\"spec-row\">\n                <div class=\"spec-label\">N\u00famero de piezas<\/div>\n                <div class=\"spec-value\">Combo<\/div>\n            <\/div>\n            <div class=\"spec-row\">\n                <div class=\"spec-label\">Clasificaci\u00f3n de pesta\u00f1as postizas<\/div>\n                <div class=\"spec-value\">Pesta\u00f1as postizas de bricolaje<\/div>\n            <\/div>\n            <div class=\"spec-row\">\n                <div class=\"spec-label\">Tipo de pesta\u00f1as postizas<\/div>\n                <div class=\"spec-value\">Tallo de algod\u00f3n negro<\/div>\n            <\/div>\n            <div class=\"spec-row\">\n                <div class=\"spec-label\">Material de pesta\u00f1as postizas<\/div>\n                <div class=\"spec-value\">Cabello sint\u00e9tico<\/div>\n            <\/div>\n        <\/div>\n    <\/div>\n<\/body>\n<\/html>\t\t\t\t\t\t\t\t<\/div>\n\t\t\t\t<\/div>\n\t\t\t\t<\/div>\n\t\t\t\t\t<\/div>\n\t\t\t\t<\/div>\n\t\t<div class=\"elementor-element elementor-element-553f8f1c e-flex e-con-boxed e-con e-parent\" data-id=\"553f8f1c\" data-element_type=\"container\" data-e-type=\"container\" data-settings=\"{&quot;ekit_has_onepagescroll_dot&quot;:&quot;yes&quot;}\">\n\t\t\t\t\t<div class=\"e-con-inner\">\n\t\t\t\t<div class=\"elementor-element elementor-element-3567dad4 elementor-widget elementor-widget-image\" data-id=\"3567dad4\" data-element_type=\"widget\" data-e-type=\"widget\" data-settings=\"{&quot;ekit_we_effect_on&quot;:&quot;none&quot;}\" data-widget_type=\"image.default\">\n\t\t\t\t<div class=\"elementor-widget-container\">\n\t\t\t\t\t\t\t\t\t\t\t\t\t\t\t<img loading=\"lazy\" decoding=\"async\" width=\"1464\" height=\"600\" src=\"https:\/\/exceptionaladventures.shop\/wp-content\/uploads\/2026\/03\/f0d2ab91-22a5-447b-ba2b-fcebe4bdabfc.__CR001464600_PT0_SX1464_V1___.jpg\" class=\"attachment-full size-full wp-image-13584 wvs-archive-product-image\" alt=\"\" srcset=\"https:\/\/exceptionaladventures.shop\/wp-content\/uploads\/2026\/03\/f0d2ab91-22a5-447b-ba2b-fcebe4bdabfc.__CR001464600_PT0_SX1464_V1___.jpg 1464w, https:\/\/exceptionaladventures.shop\/wp-content\/uploads\/2026\/03\/f0d2ab91-22a5-447b-ba2b-fcebe4bdabfc.__CR001464600_PT0_SX1464_V1___-300x123.jpg 300w, https:\/\/exceptionaladventures.shop\/wp-content\/uploads\/2026\/03\/f0d2ab91-22a5-447b-ba2b-fcebe4bdabfc.__CR001464600_PT0_SX1464_V1___-1024x420.jpg 1024w, https:\/\/exceptionaladventures.shop\/wp-content\/uploads\/2026\/03\/f0d2ab91-22a5-447b-ba2b-fcebe4bdabfc.__CR001464600_PT0_SX1464_V1___-768x315.jpg 768w, https:\/\/exceptionaladventures.shop\/wp-content\/uploads\/2026\/03\/f0d2ab91-22a5-447b-ba2b-fcebe4bdabfc.__CR001464600_PT0_SX1464_V1___-18x7.jpg 18w, https:\/\/exceptionaladventures.shop\/wp-content\/uploads\/2026\/03\/f0d2ab91-22a5-447b-ba2b-fcebe4bdabfc.__CR001464600_PT0_SX1464_V1___-600x246.jpg 600w, https:\/\/exceptionaladventures.shop\/wp-content\/uploads\/2026\/03\/f0d2ab91-22a5-447b-ba2b-fcebe4bdabfc.__CR001464600_PT0_SX1464_V1___-1x1.jpg 1w, https:\/\/exceptionaladventures.shop\/wp-content\/uploads\/2026\/03\/f0d2ab91-22a5-447b-ba2b-fcebe4bdabfc.__CR001464600_PT0_SX1464_V1___-10x4.jpg 10w\" sizes=\"auto, (max-width: 1464px) 100vw, 1464px\" \/>\t\t\t\t\t\t\t\t\t\t\t\t\t\t\t<\/div>\n\t\t\t\t<\/div>\n\t\t\t\t<div class=\"elementor-element elementor-element-2dd870f1 elementor-widget elementor-widget-image\" data-id=\"2dd870f1\" data-element_type=\"widget\" data-e-type=\"widget\" data-settings=\"{&quot;ekit_we_effect_on&quot;:&quot;none&quot;}\" data-widget_type=\"image.default\">\n\t\t\t\t<div class=\"elementor-widget-container\">\n\t\t\t\t\t\t\t\t\t\t\t\t\t\t\t<img loading=\"lazy\" decoding=\"async\" width=\"1464\" height=\"600\" src=\"https:\/\/exceptionaladventures.shop\/wp-content\/uploads\/2026\/03\/79739f88-f1a4-43ab-bae4-5423231f5762.__CR001464600_PT0_SX1464_V1___.jpg\" class=\"attachment-full size-full wp-image-13585 wvs-archive-product-image\" alt=\"\" srcset=\"https:\/\/exceptionaladventures.shop\/wp-content\/uploads\/2026\/03\/79739f88-f1a4-43ab-bae4-5423231f5762.__CR001464600_PT0_SX1464_V1___.jpg 1464w, https:\/\/exceptionaladventures.shop\/wp-content\/uploads\/2026\/03\/79739f88-f1a4-43ab-bae4-5423231f5762.__CR001464600_PT0_SX1464_V1___-300x123.jpg 300w, https:\/\/exceptionaladventures.shop\/wp-content\/uploads\/2026\/03\/79739f88-f1a4-43ab-bae4-5423231f5762.__CR001464600_PT0_SX1464_V1___-1024x420.jpg 1024w, https:\/\/exceptionaladventures.shop\/wp-content\/uploads\/2026\/03\/79739f88-f1a4-43ab-bae4-5423231f5762.__CR001464600_PT0_SX1464_V1___-768x315.jpg 768w, https:\/\/exceptionaladventures.shop\/wp-content\/uploads\/2026\/03\/79739f88-f1a4-43ab-bae4-5423231f5762.__CR001464600_PT0_SX1464_V1___-18x7.jpg 18w, https:\/\/exceptionaladventures.shop\/wp-content\/uploads\/2026\/03\/79739f88-f1a4-43ab-bae4-5423231f5762.__CR001464600_PT0_SX1464_V1___-600x246.jpg 600w, https:\/\/exceptionaladventures.shop\/wp-content\/uploads\/2026\/03\/79739f88-f1a4-43ab-bae4-5423231f5762.__CR001464600_PT0_SX1464_V1___-1x1.jpg 1w, https:\/\/exceptionaladventures.shop\/wp-content\/uploads\/2026\/03\/79739f88-f1a4-43ab-bae4-5423231f5762.__CR001464600_PT0_SX1464_V1___-10x4.jpg 10w\" sizes=\"auto, (max-width: 1464px) 100vw, 1464px\" \/>\t\t\t\t\t\t\t\t\t\t\t\t\t\t\t<\/div>\n\t\t\t\t<\/div>\n\t\t\t\t<div class=\"elementor-element elementor-element-e16dc10 elementor-widget elementor-widget-image\" data-id=\"e16dc10\" data-element_type=\"widget\" data-e-type=\"widget\" data-settings=\"{&quot;ekit_we_effect_on&quot;:&quot;none&quot;}\" data-widget_type=\"image.default\">\n\t\t\t\t<div class=\"elementor-widget-container\">\n\t\t\t\t\t\t\t\t\t\t\t\t\t\t\t<img loading=\"lazy\" decoding=\"async\" width=\"1464\" height=\"600\" src=\"https:\/\/exceptionaladventures.shop\/wp-content\/uploads\/2026\/03\/1fe7fd0b-798e-4e63-a3b4-e72101568b2d.__CR001464600_PT0_SX1464_V1___.jpg\" class=\"attachment-full size-full wp-image-13586 wvs-archive-product-image\" alt=\"\" srcset=\"https:\/\/exceptionaladventures.shop\/wp-content\/uploads\/2026\/03\/1fe7fd0b-798e-4e63-a3b4-e72101568b2d.__CR001464600_PT0_SX1464_V1___.jpg 1464w, https:\/\/exceptionaladventures.shop\/wp-content\/uploads\/2026\/03\/1fe7fd0b-798e-4e63-a3b4-e72101568b2d.__CR001464600_PT0_SX1464_V1___-300x123.jpg 300w, https:\/\/exceptionaladventures.shop\/wp-content\/uploads\/2026\/03\/1fe7fd0b-798e-4e63-a3b4-e72101568b2d.__CR001464600_PT0_SX1464_V1___-1024x420.jpg 1024w, https:\/\/exceptionaladventures.shop\/wp-content\/uploads\/2026\/03\/1fe7fd0b-798e-4e63-a3b4-e72101568b2d.__CR001464600_PT0_SX1464_V1___-768x315.jpg 768w, https:\/\/exceptionaladventures.shop\/wp-content\/uploads\/2026\/03\/1fe7fd0b-798e-4e63-a3b4-e72101568b2d.__CR001464600_PT0_SX1464_V1___-18x7.jpg 18w, https:\/\/exceptionaladventures.shop\/wp-content\/uploads\/2026\/03\/1fe7fd0b-798e-4e63-a3b4-e72101568b2d.__CR001464600_PT0_SX1464_V1___-600x246.jpg 600w, https:\/\/exceptionaladventures.shop\/wp-content\/uploads\/2026\/03\/1fe7fd0b-798e-4e63-a3b4-e72101568b2d.__CR001464600_PT0_SX1464_V1___-1x1.jpg 1w, https:\/\/exceptionaladventures.shop\/wp-content\/uploads\/2026\/03\/1fe7fd0b-798e-4e63-a3b4-e72101568b2d.__CR001464600_PT0_SX1464_V1___-10x4.jpg 10w\" sizes=\"auto, (max-width: 1464px) 100vw, 1464px\" \/>\t\t\t\t\t\t\t\t\t\t\t\t\t\t\t<\/div>\n\t\t\t\t<\/div>\n\t\t\t\t<div class=\"elementor-element elementor-element-d0d9f57 elementor-widget elementor-widget-image\" data-id=\"d0d9f57\" data-element_type=\"widget\" data-e-type=\"widget\" data-settings=\"{&quot;ekit_we_effect_on&quot;:&quot;none&quot;}\" data-widget_type=\"image.default\">\n\t\t\t\t<div class=\"elementor-widget-container\">\n\t\t\t\t\t\t\t\t\t\t\t\t\t\t\t<img loading=\"lazy\" decoding=\"async\" width=\"1464\" height=\"600\" src=\"https:\/\/exceptionaladventures.shop\/wp-content\/uploads\/2026\/03\/235e85f2-f156-40b4-a953-fe56e68c8b8e.__CR001464600_PT0_SX1464_V1___.jpg\" class=\"attachment-full size-full wp-image-13587 wvs-archive-product-image\" alt=\"\" srcset=\"https:\/\/exceptionaladventures.shop\/wp-content\/uploads\/2026\/03\/235e85f2-f156-40b4-a953-fe56e68c8b8e.__CR001464600_PT0_SX1464_V1___.jpg 1464w, https:\/\/exceptionaladventures.shop\/wp-content\/uploads\/2026\/03\/235e85f2-f156-40b4-a953-fe56e68c8b8e.__CR001464600_PT0_SX1464_V1___-300x123.jpg 300w, https:\/\/exceptionaladventures.shop\/wp-content\/uploads\/2026\/03\/235e85f2-f156-40b4-a953-fe56e68c8b8e.__CR001464600_PT0_SX1464_V1___-1024x420.jpg 1024w, https:\/\/exceptionaladventures.shop\/wp-content\/uploads\/2026\/03\/235e85f2-f156-40b4-a953-fe56e68c8b8e.__CR001464600_PT0_SX1464_V1___-768x315.jpg 768w, https:\/\/exceptionaladventures.shop\/wp-content\/uploads\/2026\/03\/235e85f2-f156-40b4-a953-fe56e68c8b8e.__CR001464600_PT0_SX1464_V1___-18x7.jpg 18w, https:\/\/exceptionaladventures.shop\/wp-content\/uploads\/2026\/03\/235e85f2-f156-40b4-a953-fe56e68c8b8e.__CR001464600_PT0_SX1464_V1___-600x246.jpg 600w, https:\/\/exceptionaladventures.shop\/wp-content\/uploads\/2026\/03\/235e85f2-f156-40b4-a953-fe56e68c8b8e.__CR001464600_PT0_SX1464_V1___-1x1.jpg 1w, https:\/\/exceptionaladventures.shop\/wp-content\/uploads\/2026\/03\/235e85f2-f156-40b4-a953-fe56e68c8b8e.__CR001464600_PT0_SX1464_V1___-10x4.jpg 10w\" sizes=\"auto, (max-width: 1464px) 100vw, 1464px\" \/>\t\t\t\t\t\t\t\t\t\t\t\t\t\t\t<\/div>\n\t\t\t\t<\/div>\n\t\t\t\t<div class=\"elementor-element elementor-element-60533a3a elementor-arrows-position-inside elementor-pagination-position-outside elementor-widget elementor-widget-image-carousel\" data-id=\"60533a3a\" data-element_type=\"widget\" data-e-type=\"widget\" data-settings=\"{&quot;slides_to_show&quot;:&quot;1&quot;,&quot;navigation&quot;:&quot;both&quot;,&quot;autoplay&quot;:&quot;yes&quot;,&quot;pause_on_hover&quot;:&quot;yes&quot;,&quot;pause_on_interaction&quot;:&quot;yes&quot;,&quot;autoplay_speed&quot;:5000,&quot;infinite&quot;:&quot;yes&quot;,&quot;effect&quot;:&quot;slide&quot;,&quot;speed&quot;:500,&quot;ekit_we_effect_on&quot;:&quot;none&quot;}\" data-widget_type=\"image-carousel.default\">\n\t\t\t\t<div class=\"elementor-widget-container\">\n\t\t\t\t\t\t\t<div class=\"elementor-image-carousel-wrapper swiper\" role=\"region\" aria-roledescription=\"carousel\" aria-label=\"Carrusel de im\u00e1genes\" dir=\"ltr\">\n\t\t\t<div class=\"elementor-image-carousel swiper-wrapper\" aria-live=\"off\">\n\t\t\t\t\t\t\t\t<div class=\"swiper-slide\" role=\"group\" aria-roledescription=\"slide\" aria-label=\"1 of 4\"><figure class=\"swiper-slide-inner\"><img decoding=\"async\" class=\"swiper-slide-image\" src=\"https:\/\/exceptionaladventures.shop\/wp-content\/uploads\/2026\/03\/5f73e9da-78cc-4b3b-872e-f77722709903.__CR001464600_PT0_SX1464_V1___.jpg\" alt=\"5f73e9da-78cc-4b3b-872e-f77722709903.__CR001464600_PT0_SX1464_V1___.jpg\" \/><\/figure><\/div><div class=\"swiper-slide\" role=\"group\" aria-roledescription=\"slide\" aria-label=\"2 of 4\"><figure class=\"swiper-slide-inner\"><img decoding=\"async\" class=\"swiper-slide-image\" src=\"https:\/\/exceptionaladventures.shop\/wp-content\/uploads\/2026\/03\/456bbc1b-af4c-402e-8bf3-5db3cdb211f5.__CR001464600_PT0_SX1464_V1___.jpg\" alt=\"456bbc1b-af4c-402e-8bf3-5db3cdb211f5.__CR001464600_PT0_SX1464_V1___.jpg\" \/><\/figure><\/div><div class=\"swiper-slide\" role=\"group\" aria-roledescription=\"slide\" aria-label=\"3 of 4\"><figure class=\"swiper-slide-inner\"><img decoding=\"async\" class=\"swiper-slide-image\" src=\"https:\/\/exceptionaladventures.shop\/wp-content\/uploads\/2026\/03\/cfb6669c-84f8-4253-8863-8ff837ea9adf.__CR001464600_PT0_SX1464_V1___.jpg\" alt=\"cfb6669c-84f8-4253-8863-8ff837ea9adf.__CR001464600_PT0_SX1464_V1___.jpg\" \/><\/figure><\/div><div class=\"swiper-slide\" role=\"group\" aria-roledescription=\"slide\" aria-label=\"4 of 4\"><figure class=\"swiper-slide-inner\"><img decoding=\"async\" class=\"swiper-slide-image\" src=\"https:\/\/exceptionaladventures.shop\/wp-content\/uploads\/2026\/03\/4b0131fd-794d-4f85-9d66-4de538922550.__CR001464600_PT0_SX1464_V1___.jpg\" alt=\"4b0131fd-794d-4f85-9d66-4de538922550.__CR001464600_PT0_SX1464_V1___.jpg\" \/><\/figure><\/div>\t\t\t<\/div>\n\t\t\t\t\t\t\t\t\t\t\t\t<div class=\"elementor-swiper-button elementor-swiper-button-prev\" role=\"button\" tabindex=\"0\">\n\t\t\t\t\t\t<svg aria-hidden=\"true\" class=\"e-font-icon-svg e-eicon-chevron-left\" viewbox=\"0 0 1000 1000\" xmlns=\"http:\/\/www.w3.org\/2000\/svg\"><path d=\"M646 125C629 125 613 133 604 142L308 442C296 454 292 471 292 487 292 504 296 521 308 533L604 854C617 867 629 875 646 875 663 875 679 871 692 858 704 846 713 829 713 812 713 796 708 779 692 767L438 487 692 225C700 217 708 204 708 187 708 171 704 154 692 142 675 129 663 125 646 125Z\"><\/path><\/svg>\t\t\t\t\t<\/div>\n\t\t\t\t\t<div class=\"elementor-swiper-button elementor-swiper-button-next\" role=\"button\" tabindex=\"0\">\n\t\t\t\t\t\t<svg aria-hidden=\"true\" class=\"e-font-icon-svg e-eicon-chevron-right\" viewbox=\"0 0 1000 1000\" xmlns=\"http:\/\/www.w3.org\/2000\/svg\"><path d=\"M696 533C708 521 713 504 713 487 713 471 708 454 696 446L400 146C388 133 375 125 354 125 338 125 325 129 313 142 300 154 292 171 292 187 292 204 296 221 308 233L563 492 304 771C292 783 288 800 288 817 288 833 296 850 308 863 321 871 338 875 354 875 371 875 388 867 400 854L696 533Z\"><\/path><\/svg>\t\t\t\t\t<\/div>\n\t\t\t\t\n\t\t\t\t\t\t\t\t\t<div class=\"swiper-pagination\"><\/div>\n\t\t\t\t\t\t\t\t\t<\/div>\n\t\t\t\t\t\t<\/div>\n\t\t\t\t<\/div>\n\t\t\t\t<div class=\"elementor-element elementor-element-12ba4949 elementor-widget elementor-widget-image\" data-id=\"12ba4949\" data-element_type=\"widget\" data-e-type=\"widget\" data-settings=\"{&quot;ekit_we_effect_on&quot;:&quot;none&quot;}\" data-widget_type=\"image.default\">\n\t\t\t\t<div class=\"elementor-widget-container\">\n\t\t\t\t\t\t\t\t\t\t\t\t\t\t\t<img loading=\"lazy\" decoding=\"async\" width=\"1464\" height=\"600\" src=\"https:\/\/exceptionaladventures.shop\/wp-content\/uploads\/2026\/03\/2a743347-9129-4234-b376-75183de34327.__CR001464600_PT0_SX1464_V1___.jpg\" class=\"attachment-full size-full wp-image-13592 wvs-archive-product-image\" alt=\"\" srcset=\"https:\/\/exceptionaladventures.shop\/wp-content\/uploads\/2026\/03\/2a743347-9129-4234-b376-75183de34327.__CR001464600_PT0_SX1464_V1___.jpg 1464w, https:\/\/exceptionaladventures.shop\/wp-content\/uploads\/2026\/03\/2a743347-9129-4234-b376-75183de34327.__CR001464600_PT0_SX1464_V1___-300x123.jpg 300w, https:\/\/exceptionaladventures.shop\/wp-content\/uploads\/2026\/03\/2a743347-9129-4234-b376-75183de34327.__CR001464600_PT0_SX1464_V1___-1024x420.jpg 1024w, https:\/\/exceptionaladventures.shop\/wp-content\/uploads\/2026\/03\/2a743347-9129-4234-b376-75183de34327.__CR001464600_PT0_SX1464_V1___-768x315.jpg 768w, https:\/\/exceptionaladventures.shop\/wp-content\/uploads\/2026\/03\/2a743347-9129-4234-b376-75183de34327.__CR001464600_PT0_SX1464_V1___-18x7.jpg 18w, https:\/\/exceptionaladventures.shop\/wp-content\/uploads\/2026\/03\/2a743347-9129-4234-b376-75183de34327.__CR001464600_PT0_SX1464_V1___-600x246.jpg 600w, https:\/\/exceptionaladventures.shop\/wp-content\/uploads\/2026\/03\/2a743347-9129-4234-b376-75183de34327.__CR001464600_PT0_SX1464_V1___-1x1.jpg 1w, https:\/\/exceptionaladventures.shop\/wp-content\/uploads\/2026\/03\/2a743347-9129-4234-b376-75183de34327.__CR001464600_PT0_SX1464_V1___-10x4.jpg 10w\" sizes=\"auto, (max-width: 1464px) 100vw, 1464px\" \/>\t\t\t\t\t\t\t\t\t\t\t\t\t\t\t<\/div>\n\t\t\t\t<\/div>\n\t\t\t\t\t<\/div>\n\t\t\t\t<\/div>\n\t\t\t\t<\/div>","protected":false},"excerpt":{"rendered":"<p>https:\/\/exceptionaladventures.shop\/wp-content\/uploads\/2026\/03\/video_2026-02-09_20-25-33-1.mp4 Especificaciones de Pesta\u00f1as Especificaciones Tipo de pesta\u00f1as Hazlo t\u00fa mismo Productos qu\u00edmicos de alta preocupaci\u00f3n Ninguno N\u00famero de piezas&#8230;<\/p>","protected":false},"featured_media":13569,"comment_status":"open","ping_status":"closed","template":"","meta":{"_acf_changed":false},"etheme_brands":[],"product_brand":[],"product_cat":[118],"product_tag":[],"class_list":{"0":"post-13565","1":"product","2":"type-product","3":"status-publish","4":"has-post-thumbnail","6":"product_cat-sale-shop","8":"first","9":"instock","10":"sale","11":"shipping-taxable","12":"purchasable","13":"product-type-variable","14":"has-default-attributes","15":"wvs-archive-product-wrapper"},"acf":[],"_links":{"self":[{"href":"https:\/\/exceptionaladventures.shop\/es\/wp-json\/wp\/v2\/product\/13565","targetHints":{"allow":["GET"]}}],"collection":[{"href":"https:\/\/exceptionaladventures.shop\/es\/wp-json\/wp\/v2\/product"}],"about":[{"href":"https:\/\/exceptionaladventures.shop\/es\/wp-json\/wp\/v2\/types\/product"}],"replies":[{"embeddable":true,"href":"https:\/\/exceptionaladventures.shop\/es\/wp-json\/wp\/v2\/comments?post=13565"}],"version-history":[{"count":4,"href":"https:\/\/exceptionaladventures.shop\/es\/wp-json\/wp\/v2\/product\/13565\/revisions"}],"predecessor-version":[{"id":13600,"href":"https:\/\/exceptionaladventures.shop\/es\/wp-json\/wp\/v2\/product\/13565\/revisions\/13600"}],"wp:featuredmedia":[{"embeddable":true,"href":"https:\/\/exceptionaladventures.shop\/es\/wp-json\/wp\/v2\/media\/13569"}],"wp:attachment":[{"href":"https:\/\/exceptionaladventures.shop\/es\/wp-json\/wp\/v2\/media?parent=13565"}],"wp:term":[{"taxonomy":"brand","embeddable":true,"href":"https:\/\/exceptionaladventures.shop\/es\/wp-json\/wp\/v2\/etheme_brands?post=13565"},{"taxonomy":"product_brand","embeddable":true,"href":"https:\/\/exceptionaladventures.shop\/es\/wp-json\/wp\/v2\/product_brand?post=13565"},{"taxonomy":"product_cat","embeddable":true,"href":"https:\/\/exceptionaladventures.shop\/es\/wp-json\/wp\/v2\/product_cat?post=13565"},{"taxonomy":"product_tag","embeddable":true,"href":"https:\/\/exceptionaladventures.shop\/es\/wp-json\/wp\/v2\/product_tag?post=13565"}],"curies":[{"name":"wp","href":"https:\/\/api.w.org\/{rel}","templated":true}]}}